{"id":228,"date":"2021-09-17T05:08:33","date_gmt":"2021-09-17T03:08:33","guid":{"rendered":"https:\/\/sanuhomanagementsport.fr\/?page_id=228"},"modified":"2026-03-15T17:31:33","modified_gmt":"2026-03-15T16:31:33","slug":"evenement","status":"publish","type":"page","link":"https:\/\/sanuhomanagementsport.fr\/?page_id=228","title":{"rendered":"Ev\u00e8nement"},"content":{"rendered":"\t\t<div data-elementor-type=\"wp-page\" data-elementor-id=\"228\" class=\"elementor elementor-228\">\n\t\t\t\t\t\t\t\t\t<section class=\"elementor-section elementor-top-section elementor-element elementor-element-f504608 elementor-section-boxed elementor-section-height-default elementor-section-height-default\" data-id=\"f504608\" data-element_type=\"section\" data-settings=\"{&quot;background_background&quot;:&quot;classic&quot;}\">\n\t\t\t\t\t\t<div class=\"elementor-container elementor-column-gap-default\">\n\t\t\t\t\t<div class=\"elementor-column elementor-col-50 elementor-top-column elementor-element elementor-element-e8741f1\" data-id=\"e8741f1\" data-element_type=\"column\">\n\t\t\t<div class=\"elementor-widget-wrap elementor-element-populated\">\n\t\t\t\t\t\t\t\t<div class=\"elementor-element elementor-element-9a399ed elementor-widget elementor-widget-heading\" data-id=\"9a399ed\" data-element_type=\"widget\" data-widget_type=\"heading.default\">\n\t\t\t\t<div class=\"elementor-widget-container\">\n\t\t\t<style>\/*! elementor - v3.18.0 - 20-12-2023 *\/\n.elementor-heading-title{padding:0;margin:0;line-height:1}.elementor-widget-heading .elementor-heading-title[class*=elementor-size-]>a{color:inherit;font-size:inherit;line-height:inherit}.elementor-widget-heading .elementor-heading-title.elementor-size-small{font-size:15px}.elementor-widget-heading .elementor-heading-title.elementor-size-medium{font-size:19px}.elementor-widget-heading .elementor-heading-title.elementor-size-large{font-size:29px}.elementor-widget-heading .elementor-heading-title.elementor-size-xl{font-size:39px}.elementor-widget-heading .elementor-heading-title.elementor-size-xxl{font-size:59px}<\/style><h2 class=\"elementor-heading-title elementor-size-default\">\u00e9v\u00e8nements REPORT\u00e9s<\/h2>\t\t<\/div>\n\t\t\t\t<\/div>\n\t\t\t\t<section class=\"elementor-section elementor-inner-section elementor-element elementor-element-bebe4c7 elementor-section-boxed elementor-section-height-default elementor-section-height-default\" data-id=\"bebe4c7\" data-element_type=\"section\" data-settings=\"{&quot;background_background&quot;:&quot;classic&quot;}\">\n\t\t\t\t\t\t<div class=\"elementor-container elementor-column-gap-default\">\n\t\t\t\t\t<div class=\"elementor-column elementor-col-50 elementor-inner-column elementor-element elementor-element-8e57535\" data-id=\"8e57535\" data-element_type=\"column\">\n\t\t\t<div class=\"elementor-widget-wrap elementor-element-populated\">\n\t\t\t\t\t\t\t\t<div class=\"elementor-element elementor-element-9a7713b elementor-widget elementor-widget-image\" data-id=\"9a7713b\" data-element_type=\"widget\" data-widget_type=\"image.default\">\n\t\t\t\t<div class=\"elementor-widget-container\">\n\t\t\t<style>\/*! elementor - v3.18.0 - 20-12-2023 *\/\n.elementor-widget-image{text-align:center}.elementor-widget-image a{display:inline-block}.elementor-widget-image a img[src$=\".svg\"]{width:48px}.elementor-widget-image img{vertical-align:middle;display:inline-block}<\/style>\t\t\t\t\t\t\t\t\t\t\t\t<img fetchpriority=\"high\" decoding=\"async\" width=\"768\" height=\"1024\" src=\"https:\/\/sanuhomanagementsport.fr\/wp-content\/uploads\/2021\/09\/SIDY-PHOTO.jpeg\" class=\"attachment-large size-large wp-image-598\" alt=\"\" srcset=\"https:\/\/sanuhomanagementsport.fr\/wp-content\/uploads\/2021\/09\/SIDY-PHOTO.jpeg 768w, https:\/\/sanuhomanagementsport.fr\/wp-content\/uploads\/2021\/09\/SIDY-PHOTO-225x300.jpeg 225w\" sizes=\"(max-width: 768px) 100vw, 768px\" \/>\t\t\t\t\t\t\t\t\t\t\t\t\t\t\t<\/div>\n\t\t\t\t<\/div>\n\t\t\t\t\t<\/div>\n\t\t<\/div>\n\t\t\t\t<div class=\"elementor-column elementor-col-50 elementor-inner-column elementor-element elementor-element-cbd517f\" data-id=\"cbd517f\" data-element_type=\"column\">\n\t\t\t<div class=\"elementor-widget-wrap elementor-element-populated\">\n\t\t\t\t\t\t\t\t<div class=\"elementor-element elementor-element-bfcd4af elementor-widget elementor-widget-text-editor\" data-id=\"bfcd4af\" data-element_type=\"widget\" data-widget_type=\"text-editor.default\">\n\t\t\t\t<div class=\"elementor-widget-container\">\n\t\t\t<style>\/*! elementor - v3.18.0 - 20-12-2023 *\/\n.elementor-widget-text-editor.elementor-drop-cap-view-stacked .elementor-drop-cap{background-color:#69727d;color:#fff}.elementor-widget-text-editor.elementor-drop-cap-view-framed .elementor-drop-cap{color:#69727d;border:3px solid;background-color:transparent}.elementor-widget-text-editor:not(.elementor-drop-cap-view-default) .elementor-drop-cap{margin-top:8px}.elementor-widget-text-editor:not(.elementor-drop-cap-view-default) .elementor-drop-cap-letter{width:1em;height:1em}.elementor-widget-text-editor .elementor-drop-cap{float:left;text-align:center;line-height:1;font-size:50px}.elementor-widget-text-editor .elementor-drop-cap-letter{display:inline-block}<\/style>\t\t\t\t\t\t\t\t\t\t<\/div>\n\t\t\t\t<\/div>\n\t\t\t\t\t<\/div>\n\t\t<\/div>\n\t\t\t\t\t\t\t<\/div>\n\t\t<\/section>\n\t\t\t\t\t<\/div>\n\t\t<\/div>\n\t\t\t\t<div class=\"elementor-column elementor-col-50 elementor-top-column elementor-element elementor-element-1fad240\" data-id=\"1fad240\" data-element_type=\"column\">\n\t\t\t<div class=\"elementor-widget-wrap elementor-element-populated\">\n\t\t\t\t\t\t\t\t<div class=\"elementor-element elementor-element-35853c9 elementor-widget elementor-widget-heading\" data-id=\"35853c9\" data-element_type=\"widget\" data-widget_type=\"heading.default\">\n\t\t\t\t<div class=\"elementor-widget-container\">\n\t\t\t<h2 class=\"elementor-heading-title elementor-size-default\">\u00e9v\u00e8nement \u00e0 venir<\/h2>\t\t<\/div>\n\t\t\t\t<\/div>\n\t\t\t\t<section class=\"elementor-section elementor-inner-section elementor-element elementor-element-16bda15 elementor-section-boxed elementor-section-height-default elementor-section-height-default\" data-id=\"16bda15\" data-element_type=\"section\" data-settings=\"{&quot;background_background&quot;:&quot;classic&quot;}\">\n\t\t\t\t\t\t<div class=\"elementor-container elementor-column-gap-default\">\n\t\t\t\t\t<div class=\"elementor-column elementor-col-50 elementor-inner-column elementor-element elementor-element-29283a1\" data-id=\"29283a1\" data-element_type=\"column\">\n\t\t\t<div class=\"elementor-widget-wrap elementor-element-populated\">\n\t\t\t\t\t\t\t\t\t<\/div>\n\t\t<\/div>\n\t\t\t\t<div class=\"elementor-column elementor-col-50 elementor-inner-column elementor-element elementor-element-ff2aeb8\" data-id=\"ff2aeb8\" data-element_type=\"column\">\n\t\t\t<div class=\"elementor-widget-wrap elementor-element-populated\">\n\t\t\t\t\t\t\t\t<div class=\"elementor-element elementor-element-0a08860 elementor-widget elementor-widget-text-editor\" data-id=\"0a08860\" data-element_type=\"widget\" data-widget_type=\"text-editor.default\">\n\t\t\t\t<div class=\"elementor-widget-container\">\n\t\t\t\t\t\t\t\t\t\t\t\t\t<\/div>\n\t\t\t\t<\/div>\n\t\t\t\t\t<\/div>\n\t\t<\/div>\n\t\t\t\t\t\t\t<\/div>\n\t\t<\/section>\n\t\t\t\t\t<\/div>\n\t\t<\/div>\n\t\t\t\t\t\t\t<\/div>\n\t\t<\/section>\n\t\t\t\t<section class=\"elementor-section elementor-top-section elementor-element elementor-element-9d5e5da elementor-section-boxed elementor-section-height-default elementor-section-height-default\" data-id=\"9d5e5da\" data-element_type=\"section\" data-settings=\"{&quot;background_background&quot;:&quot;classic&quot;}\">\n\t\t\t\t\t\t<div class=\"elementor-container elementor-column-gap-default\">\n\t\t\t\t\t<div class=\"elementor-column elementor-col-50 elementor-top-column elementor-element elementor-element-71a493f\" data-id=\"71a493f\" data-element_type=\"column\">\n\t\t\t<div class=\"elementor-widget-wrap elementor-element-populated\">\n\t\t\t\t\t\t\t\t<div class=\"elementor-element elementor-element-b83c45a elementor-widget elementor-widget-heading\" data-id=\"b83c45a\" data-element_type=\"widget\" data-widget_type=\"heading.default\">\n\t\t\t\t<div class=\"elementor-widget-container\">\n\t\t\t<h2 class=\"elementor-heading-title elementor-size-default\">\u00e9v\u00e8nement \u00e0 venir<\/h2>\t\t<\/div>\n\t\t\t\t<\/div>\n\t\t\t\t\t<\/div>\n\t\t<\/div>\n\t\t\t\t<div class=\"elementor-column elementor-col-50 elementor-top-column elementor-element elementor-element-20d7f39\" data-id=\"20d7f39\" data-element_type=\"column\">\n\t\t\t<div class=\"elementor-widget-wrap elementor-element-populated\">\n\t\t\t\t\t\t\t\t<div class=\"elementor-element elementor-element-6a7a574 elementor-widget elementor-widget-heading\" data-id=\"6a7a574\" data-element_type=\"widget\" data-widget_type=\"heading.default\">\n\t\t\t\t<div class=\"elementor-widget-container\">\n\t\t\t<h2 class=\"elementor-heading-title elementor-size-default\">\u00e9v\u00e8nements en cours<\/h2>\t\t<\/div>\n\t\t\t\t<\/div>\n\t\t\t\t\t<\/div>\n\t\t<\/div>\n\t\t\t\t\t\t\t<\/div>\n\t\t<\/section>\n\t\t\t\t<section class=\"elementor-section elementor-top-section elementor-element elementor-element-a6864a6 elementor-section-boxed elementor-section-height-default elementor-section-height-default\" data-id=\"a6864a6\" data-element_type=\"section\" data-settings=\"{&quot;background_background&quot;:&quot;classic&quot;}\">\n\t\t\t\t\t\t<div class=\"elementor-container elementor-column-gap-default\">\n\t\t\t\t\t<div class=\"elementor-column elementor-col-33 elementor-top-column elementor-element elementor-element-9b85027\" data-id=\"9b85027\" data-element_type=\"column\">\n\t\t\t<div class=\"elementor-widget-wrap elementor-element-populated\">\n\t\t\t\t\t\t\t\t<div class=\"elementor-element elementor-element-7caf0f6 elementor-widget elementor-widget-text-editor\" data-id=\"7caf0f6\" data-element_type=\"widget\" data-widget_type=\"text-editor.default\">\n\t\t\t\t<div class=\"elementor-widget-container\">\n\t\t\t\t\t\t\t\t\t\t\t\t\t<\/div>\n\t\t\t\t<\/div>\n\t\t\t\t\t<\/div>\n\t\t<\/div>\n\t\t\t\t<div class=\"elementor-column elementor-col-33 elementor-top-column elementor-element elementor-element-268a501\" data-id=\"268a501\" data-element_type=\"column\">\n\t\t\t<div class=\"elementor-widget-wrap elementor-element-populated\">\n\t\t\t\t\t\t\t\t<div class=\"elementor-element elementor-element-f659dc8 elementor-widget elementor-widget-image\" data-id=\"f659dc8\" data-element_type=\"widget\" data-widget_type=\"image.default\">\n\t\t\t\t<div class=\"elementor-widget-container\">\n\t\t\t\t\t\t\t\t\t\t\t\t\t\t\t<img decoding=\"async\" width=\"800\" height=\"534\" src=\"https:\/\/sanuhomanagementsport.fr\/wp-content\/uploads\/2021\/09\/5599366-1024x683.jpg\" class=\"attachment-large size-large wp-image-38\" alt=\"\" srcset=\"https:\/\/sanuhomanagementsport.fr\/wp-content\/uploads\/2021\/09\/5599366-1024x683.jpg 1024w, https:\/\/sanuhomanagementsport.fr\/wp-content\/uploads\/2021\/09\/5599366-300x200.jpg 300w, https:\/\/sanuhomanagementsport.fr\/wp-content\/uploads\/2021\/09\/5599366-768x512.jpg 768w, https:\/\/sanuhomanagementsport.fr\/wp-content\/uploads\/2021\/09\/5599366-1536x1024.jpg 1536w, https:\/\/sanuhomanagementsport.fr\/wp-content\/uploads\/2021\/09\/5599366-2048x1365.jpg 2048w, https:\/\/sanuhomanagementsport.fr\/wp-content\/uploads\/2021\/09\/5599366-1568x1045.jpg 1568w\" sizes=\"(max-width: 800px) 100vw, 800px\" \/>\t\t\t\t\t\t\t\t\t\t\t\t\t\t\t<\/div>\n\t\t\t\t<\/div>\n\t\t\t\t\t<\/div>\n\t\t<\/div>\n\t\t\t\t<div class=\"elementor-column elementor-col-33 elementor-top-column elementor-element elementor-element-4f09029\" data-id=\"4f09029\" data-element_type=\"column\">\n\t\t\t<div class=\"elementor-widget-wrap elementor-element-populated\">\n\t\t\t\t\t\t\t\t<div class=\"elementor-element elementor-element-65f82ed elementor-widget elementor-widget-text-editor\" data-id=\"65f82ed\" data-element_type=\"widget\" data-widget_type=\"text-editor.default\">\n\t\t\t\t<div class=\"elementor-widget-container\">\n\t\t\t\t\t\t\t\t\t\t\t\t\t<\/div>\n\t\t\t\t<\/div>\n\t\t\t\t\t<\/div>\n\t\t<\/div>\n\t\t\t\t\t\t\t<\/div>\n\t\t<\/section>\n\t\t\t\t\t\t\t<\/div>\n\t\t","protected":false},"excerpt":{"rendered":"<p>\u00e9v\u00e8nements REPORT\u00e9s \u00e9v\u00e8nement \u00e0 venir \u00e9v\u00e8nement \u00e0 venir \u00e9v\u00e8nements en cours<\/p>\n","protected":false},"author":1,"featured_media":0,"parent":0,"menu_order":0,"comment_status":"closed","ping_status":"closed","template":"","meta":{"footnotes":""},"class_list":["post-228","page","type-page","status-publish"],"yoast_head":"<!-- This site is optimized with the Yoast SEO plugin v24.9 - https:\/\/yoast.com\/wordpress\/plugins\/seo\/ -->\n<title>Les \u00e9v\u00e8nements organis\u00e9s par Sanuho Management Sport<\/title>\n<meta name=\"description\" content=\"Retrouvez les diff\u00e9rents \u00e9v\u00e8nements organis\u00e9s par l&#039;association sportive Sanuho Management Sport. Formations, tournois ...\" \/>\n<meta name=\"robots\" content=\"index, follow, max-snippet:-1, max-image-preview:large, max-video-preview:-1\" \/>\n<link rel=\"canonical\" href=\"https:\/\/sanuhomanagementsport.fr\/?page_id=228\" \/>\n<meta property=\"og:locale\" content=\"fr_FR\" \/>\n<meta property=\"og:type\" content=\"article\" \/>\n<meta property=\"og:title\" content=\"Les \u00e9v\u00e8nements organis\u00e9s par Sanuho Management Sport\" \/>\n<meta property=\"og:description\" content=\"Retrouvez les diff\u00e9rents \u00e9v\u00e8nements organis\u00e9s par l&#039;association sportive Sanuho Management Sport. Formations, tournois ...\" \/>\n<meta property=\"og:url\" content=\"https:\/\/sanuhomanagementsport.fr\/?page_id=228\" \/>\n<meta property=\"og:site_name\" content=\"sanuho management sport\" \/>\n<meta property=\"article:modified_time\" content=\"2026-03-15T16:31:33+00:00\" \/>\n<meta property=\"og:image\" content=\"https:\/\/sanuhomanagementsport.fr\/wp-content\/uploads\/2021\/09\/SIDY-PHOTO.jpeg\" \/>\n\t<meta property=\"og:image:width\" content=\"768\" \/>\n\t<meta property=\"og:image:height\" content=\"1024\" \/>\n\t<meta property=\"og:image:type\" content=\"image\/jpeg\" \/>\n<meta name=\"twitter:card\" content=\"summary_large_image\" \/>\n<meta name=\"twitter:label1\" content=\"Dur\u00e9e de lecture estim\u00e9e\" \/>\n\t<meta name=\"twitter:data1\" content=\"2 minutes\" \/>\n<script type=\"application\/ld+json\" class=\"yoast-schema-graph\">{\"@context\":\"https:\/\/schema.org\",\"@graph\":[{\"@type\":\"WebPage\",\"@id\":\"https:\/\/sanuhomanagementsport.fr\/?page_id=228\",\"url\":\"https:\/\/sanuhomanagementsport.fr\/?page_id=228\",\"name\":\"Les \u00e9v\u00e8nements organis\u00e9s par Sanuho Management Sport\",\"isPartOf\":{\"@id\":\"https:\/\/sanuhomanagementsport.fr\/#website\"},\"primaryImageOfPage\":{\"@id\":\"https:\/\/sanuhomanagementsport.fr\/?page_id=228#primaryimage\"},\"image\":{\"@id\":\"https:\/\/sanuhomanagementsport.fr\/?page_id=228#primaryimage\"},\"thumbnailUrl\":\"https:\/\/sanuhomanagementsport.fr\/wp-content\/uploads\/2021\/09\/SIDY-PHOTO.jpeg\",\"datePublished\":\"2021-09-17T03:08:33+00:00\",\"dateModified\":\"2026-03-15T16:31:33+00:00\",\"description\":\"Retrouvez les diff\u00e9rents \u00e9v\u00e8nements organis\u00e9s par l'association sportive Sanuho Management Sport. Formations, tournois ...\",\"breadcrumb\":{\"@id\":\"https:\/\/sanuhomanagementsport.fr\/?page_id=228#breadcrumb\"},\"inLanguage\":\"fr-FR\",\"potentialAction\":[{\"@type\":\"ReadAction\",\"target\":[\"https:\/\/sanuhomanagementsport.fr\/?page_id=228\"]}]},{\"@type\":\"ImageObject\",\"inLanguage\":\"fr-FR\",\"@id\":\"https:\/\/sanuhomanagementsport.fr\/?page_id=228#primaryimage\",\"url\":\"https:\/\/sanuhomanagementsport.fr\/wp-content\/uploads\/2021\/09\/SIDY-PHOTO.jpeg\",\"contentUrl\":\"https:\/\/sanuhomanagementsport.fr\/wp-content\/uploads\/2021\/09\/SIDY-PHOTO.jpeg\",\"width\":768,\"height\":1024},{\"@type\":\"BreadcrumbList\",\"@id\":\"https:\/\/sanuhomanagementsport.fr\/?page_id=228#breadcrumb\",\"itemListElement\":[{\"@type\":\"ListItem\",\"position\":1,\"name\":\"Accueil\",\"item\":\"https:\/\/sanuhomanagementsport.fr\/\"},{\"@type\":\"ListItem\",\"position\":2,\"name\":\"Ev\u00e8nement\"}]},{\"@type\":\"WebSite\",\"@id\":\"https:\/\/sanuhomanagementsport.fr\/#website\",\"url\":\"https:\/\/sanuhomanagementsport.fr\/\",\"name\":\"sanuho management sport\",\"description\":\"S.M.S Pour l&#039;\u00e9mergence du sport !!!\",\"publisher\":{\"@id\":\"https:\/\/sanuhomanagementsport.fr\/#organization\"},\"potentialAction\":[{\"@type\":\"SearchAction\",\"target\":{\"@type\":\"EntryPoint\",\"urlTemplate\":\"https:\/\/sanuhomanagementsport.fr\/?s={search_term_string}\"},\"query-input\":{\"@type\":\"PropertyValueSpecification\",\"valueRequired\":true,\"valueName\":\"search_term_string\"}}],\"inLanguage\":\"fr-FR\"},{\"@type\":\"Organization\",\"@id\":\"https:\/\/sanuhomanagementsport.fr\/#organization\",\"name\":\"sanuho management sport\",\"url\":\"https:\/\/sanuhomanagementsport.fr\/\",\"logo\":{\"@type\":\"ImageObject\",\"inLanguage\":\"fr-FR\",\"@id\":\"https:\/\/sanuhomanagementsport.fr\/#\/schema\/logo\/image\/\",\"url\":\"https:\/\/sanuhomanagementsport.fr\/wp-content\/uploads\/2021\/09\/Original.png\",\"contentUrl\":\"https:\/\/sanuhomanagementsport.fr\/wp-content\/uploads\/2021\/09\/Original.png\",\"width\":5000,\"height\":5000,\"caption\":\"sanuho management sport\"},\"image\":{\"@id\":\"https:\/\/sanuhomanagementsport.fr\/#\/schema\/logo\/image\/\"}}]}<\/script>\n<!-- \/ Yoast SEO plugin. -->","yoast_head_json":{"title":"Les \u00e9v\u00e8nements organis\u00e9s par Sanuho Management Sport","description":"Retrouvez les diff\u00e9rents \u00e9v\u00e8nements organis\u00e9s par l'association sportive Sanuho Management Sport. Formations, tournois ...","robots":{"index":"index","follow":"follow","max-snippet":"max-snippet:-1","max-image-preview":"max-image-preview:large","max-video-preview":"max-video-preview:-1"},"canonical":"https:\/\/sanuhomanagementsport.fr\/?page_id=228","og_locale":"fr_FR","og_type":"article","og_title":"Les \u00e9v\u00e8nements organis\u00e9s par Sanuho Management Sport","og_description":"Retrouvez les diff\u00e9rents \u00e9v\u00e8nements organis\u00e9s par l'association sportive Sanuho Management Sport. Formations, tournois ...","og_url":"https:\/\/sanuhomanagementsport.fr\/?page_id=228","og_site_name":"sanuho management sport","article_modified_time":"2026-03-15T16:31:33+00:00","og_image":[{"width":768,"height":1024,"url":"https:\/\/sanuhomanagementsport.fr\/wp-content\/uploads\/2021\/09\/SIDY-PHOTO.jpeg","type":"image\/jpeg"}],"twitter_card":"summary_large_image","twitter_misc":{"Dur\u00e9e de lecture estim\u00e9e":"2 minutes"},"schema":{"@context":"https:\/\/schema.org","@graph":[{"@type":"WebPage","@id":"https:\/\/sanuhomanagementsport.fr\/?page_id=228","url":"https:\/\/sanuhomanagementsport.fr\/?page_id=228","name":"Les \u00e9v\u00e8nements organis\u00e9s par Sanuho Management Sport","isPartOf":{"@id":"https:\/\/sanuhomanagementsport.fr\/#website"},"primaryImageOfPage":{"@id":"https:\/\/sanuhomanagementsport.fr\/?page_id=228#primaryimage"},"image":{"@id":"https:\/\/sanuhomanagementsport.fr\/?page_id=228#primaryimage"},"thumbnailUrl":"https:\/\/sanuhomanagementsport.fr\/wp-content\/uploads\/2021\/09\/SIDY-PHOTO.jpeg","datePublished":"2021-09-17T03:08:33+00:00","dateModified":"2026-03-15T16:31:33+00:00","description":"Retrouvez les diff\u00e9rents \u00e9v\u00e8nements organis\u00e9s par l'association sportive Sanuho Management Sport. Formations, tournois ...","breadcrumb":{"@id":"https:\/\/sanuhomanagementsport.fr\/?page_id=228#breadcrumb"},"inLanguage":"fr-FR","potentialAction":[{"@type":"ReadAction","target":["https:\/\/sanuhomanagementsport.fr\/?page_id=228"]}]},{"@type":"ImageObject","inLanguage":"fr-FR","@id":"https:\/\/sanuhomanagementsport.fr\/?page_id=228#primaryimage","url":"https:\/\/sanuhomanagementsport.fr\/wp-content\/uploads\/2021\/09\/SIDY-PHOTO.jpeg","contentUrl":"https:\/\/sanuhomanagementsport.fr\/wp-content\/uploads\/2021\/09\/SIDY-PHOTO.jpeg","width":768,"height":1024},{"@type":"BreadcrumbList","@id":"https:\/\/sanuhomanagementsport.fr\/?page_id=228#breadcrumb","itemListElement":[{"@type":"ListItem","position":1,"name":"Accueil","item":"https:\/\/sanuhomanagementsport.fr\/"},{"@type":"ListItem","position":2,"name":"Ev\u00e8nement"}]},{"@type":"WebSite","@id":"https:\/\/sanuhomanagementsport.fr\/#website","url":"https:\/\/sanuhomanagementsport.fr\/","name":"sanuho management sport","description":"S.M.S Pour l&#039;\u00e9mergence du sport !!!","publisher":{"@id":"https:\/\/sanuhomanagementsport.fr\/#organization"},"potentialAction":[{"@type":"SearchAction","target":{"@type":"EntryPoint","urlTemplate":"https:\/\/sanuhomanagementsport.fr\/?s={search_term_string}"},"query-input":{"@type":"PropertyValueSpecification","valueRequired":true,"valueName":"search_term_string"}}],"inLanguage":"fr-FR"},{"@type":"Organization","@id":"https:\/\/sanuhomanagementsport.fr\/#organization","name":"sanuho management sport","url":"https:\/\/sanuhomanagementsport.fr\/","logo":{"@type":"ImageObject","inLanguage":"fr-FR","@id":"https:\/\/sanuhomanagementsport.fr\/#\/schema\/logo\/image\/","url":"https:\/\/sanuhomanagementsport.fr\/wp-content\/uploads\/2021\/09\/Original.png","contentUrl":"https:\/\/sanuhomanagementsport.fr\/wp-content\/uploads\/2021\/09\/Original.png","width":5000,"height":5000,"caption":"sanuho management sport"},"image":{"@id":"https:\/\/sanuhomanagementsport.fr\/#\/schema\/logo\/image\/"}}]}},"_links":{"self":[{"href":"https:\/\/sanuhomanagementsport.fr\/index.php?rest_route=\/wp\/v2\/pages\/228","targetHints":{"allow":["GET"]}}],"collection":[{"href":"https:\/\/sanuhomanagementsport.fr\/index.php?rest_route=\/wp\/v2\/pages"}],"about":[{"href":"https:\/\/sanuhomanagementsport.fr\/index.php?rest_route=\/wp\/v2\/types\/page"}],"author":[{"embeddable":true,"href":"https:\/\/sanuhomanagementsport.fr\/index.php?rest_route=\/wp\/v2\/users\/1"}],"replies":[{"embeddable":true,"href":"https:\/\/sanuhomanagementsport.fr\/index.php?rest_route=%2Fwp%2Fv2%2Fcomments&post=228"}],"version-history":[{"count":161,"href":"https:\/\/sanuhomanagementsport.fr\/index.php?rest_route=\/wp\/v2\/pages\/228\/revisions"}],"predecessor-version":[{"id":2292,"href":"https:\/\/sanuhomanagementsport.fr\/index.php?rest_route=\/wp\/v2\/pages\/228\/revisions\/2292"}],"wp:attachment":[{"href":"https:\/\/sanuhomanagementsport.fr\/index.php?rest_route=%2Fwp%2Fv2%2Fmedia&parent=228"}],"curies":[{"name":"wp","href":"https:\/\/api.w.org\/{rel}","templated":true}]}}